{"id":54,"date":"2019-11-26T17:17:44","date_gmt":"2019-11-26T17:17:44","guid":{"rendered":"http:\/\/www.ksmaanrakennusoy.fi\/?page_id=54"},"modified":"2019-11-28T21:00:15","modified_gmt":"2019-11-28T21:00:15","slug":"etusivu","status":"publish","type":"page","link":"https:\/\/www.ksmaanrakennusoy.fi\/","title":{"rendered":"Etusivu"},"content":{"rendered":"\n<p>KS Maanrakennus Oy toteuttaa ammattitaidolla erilaiset maanrakennusty\u00f6t uudiskohteisiin ja vanhempiin kiinteist\u00f6ihin. Toimimme p\u00e4\u00e4osin Kanta-H\u00e4meen ja Uudenmaan alueella. Pyyd\u00e4 maksuton arviointik\u00e4ynti!<\/p>\n","protected":false},"excerpt":{"rendered":"<p>KS Maanrakennus Oy toteuttaa ammattitaidolla erilaiset maanrakennusty\u00f6t uudiskohteisiin ja vanhempiin kiinteist\u00f6ihin. Toimimme p\u00e4\u00e4osin Kanta-H\u00e4meen ja Uudenmaan alueella. Pyyd\u00e4 maksuton arviointik\u00e4ynti!<\/p>\n","protected":false},"author":1,"featured_media":6,"parent":0,"menu_order":0,"comment_status":"closed","ping_status":"closed","template":"","meta":[],"_links":{"self":[{"href":"https:\/\/www.ksmaanrakennusoy.fi\/index.php\/wp-json\/wp\/v2\/pages\/54"}],"collection":[{"href":"https:\/\/www.ksmaanrakennusoy.fi\/index.php\/wp-json\/wp\/v2\/pages"}],"about":[{"href":"https:\/\/www.ksmaanrakennusoy.fi\/index.php\/wp-json\/wp\/v2\/types\/page"}],"author":[{"embeddable":true,"href":"https:\/\/www.ksmaanrakennusoy.fi\/index.php\/wp-json\/wp\/v2\/users\/1"}],"replies":[{"embeddable":true,"href":"https:\/\/www.ksmaanrakennusoy.fi\/index.php\/wp-json\/wp\/v2\/comments?post=54"}],"version-history":[{"count":2,"href":"https:\/\/www.ksmaanrakennusoy.fi\/index.php\/wp-json\/wp\/v2\/pages\/54\/revisions"}],"predecessor-version":[{"id":89,"href":"https:\/\/www.ksmaanrakennusoy.fi\/index.php\/wp-json\/wp\/v2\/pages\/54\/revisions\/89"}],"wp:featuredmedia":[{"embeddable":true,"href":"https:\/\/www.ksmaanrakennusoy.fi\/index.php\/wp-json\/wp\/v2\/media\/6"}],"wp:attachment":[{"href":"https:\/\/www.ksmaanrakennusoy.fi\/index.php\/wp-json\/wp\/v2\/media?parent=54"}],"curies":[{"name":"wp","href":"https:\/\/api.w.org\/{rel}","templated":true}]}}