{"id":227,"date":"2019-11-30T21:36:01","date_gmt":"2019-11-30T21:36:01","guid":{"rendered":"http:\/\/www.ksmaanrakennusoy.fi\/?page_id=227"},"modified":"2023-01-19T11:07:14","modified_gmt":"2023-01-19T11:07:14","slug":"saneeraukset-2","status":"publish","type":"page","link":"https:\/\/www.ksmaanrakennusoy.fi\/index.php\/saneeraukset-2\/","title":{"rendered":"Saneeraukset"},"content":{"rendered":"\n<p class=\"has-text-align-center\">Toteutamme i\u00e4kk\u00e4\u00e4mpien omakotitalojen salaojat ja sadevesisaneeraukset kokonaisurakalla tai tuntiveloituksella. <a href=\"#yhteydenottolomake\">Pyyd\u00e4 maksuton arviointik\u00e4ynti!<\/a><\/p>\n\n\n\n<figure class=\"wp-block-image size-full is-style-default\"><img decoding=\"async\" loading=\"lazy\" width=\"1024\" height=\"768\" src=\"https:\/\/www.ksmaanrakennusoy.fi\/wp-content\/uploads\/2023\/01\/saneeraukset_2.jpg\" alt=\"\" class=\"wp-image-345\" srcset=\"https:\/\/www.ksmaanrakennusoy.fi\/wp-content\/uploads\/2023\/01\/saneeraukset_2.jpg 1024w, https:\/\/www.ksmaanrakennusoy.fi\/wp-content\/uploads\/2023\/01\/saneeraukset_2-300x225.jpg 300w, https:\/\/www.ksmaanrakennusoy.fi\/wp-content\/uploads\/2023\/01\/saneeraukset_2-768x576.jpg 768w, https:\/\/www.ksmaanrakennusoy.fi\/wp-content\/uploads\/2023\/01\/saneeraukset_2-600x450.jpg 600w\" sizes=\"(max-width: 1024px) 100vw, 1024px\" \/><\/figure>\n\n\n<p><!--StartFragment--><\/p>\n\n\n<h3>Yhteydenotto<\/h3>\n\n\n\n<p>Voit ottaa meihin yhteytt\u00e4 oheisella lomakkeella. Palaamme asiaan pikapuoliin.<\/p>\n\n\n\n<a name=\"yhteydenottolomake\"><\/a>\n<div class=\"wpforms-container wpforms-container-full\" id=\"wpforms-299\"><form id=\"wpforms-form-299\" class=\"wpforms-validate wpforms-form wpforms-ajax-form\" data-formid=\"299\" method=\"post\" enctype=\"multipart\/form-data\" action=\"\/index.php\/wp-json\/wp\/v2\/pages\/227\" data-token=\"1003091acfe289d7a53766249a56d107\"><noscript class=\"wpforms-error-noscript\">Please enable JavaScript in your browser to complete this form.<\/noscript><div class=\"wpforms-field-container\"><div id=\"wpforms-299-field_0-container\" class=\"wpforms-field wpforms-field-name\" data-field-id=\"0\"><label class=\"wpforms-field-label\" for=\"wpforms-299-field_0\">Nimi <span class=\"wpforms-required-label\">*<\/span><\/label><input type=\"text\" id=\"wpforms-299-field_0\" class=\"wpforms-field-medium wpforms-field-required\" name=\"wpforms[fields][0]\" required><\/div><div id=\"wpforms-299-field_7-container\" class=\"wpforms-field wpforms-field-text\" data-field-id=\"7\"><label class=\"wpforms-field-label\" for=\"wpforms-299-field_7\">Puhelinnumero <span class=\"wpforms-required-label\">*<\/span><\/label><input type=\"text\" id=\"wpforms-299-field_7\" class=\"wpforms-field-medium wpforms-field-required\" name=\"wpforms[fields][7]\" required><\/div><div id=\"wpforms-299-field_1-container\" class=\"wpforms-field wpforms-field-email\" data-field-id=\"1\"><label class=\"wpforms-field-label\" for=\"wpforms-299-field_1\">S\u00e4hk\u00f6postiosoite<\/label><input type=\"email\" id=\"wpforms-299-field_1\" class=\"wpforms-field-medium\" name=\"wpforms[fields][1]\" ><\/div><div id=\"wpforms-299-field_2-container\" class=\"wpforms-field wpforms-field-textarea\" data-field-id=\"2\"><label class=\"wpforms-field-label\" for=\"wpforms-299-field_2\">Viesti<\/label><textarea id=\"wpforms-299-field_2\" class=\"wpforms-field-medium\" name=\"wpforms[fields][2]\" ><\/textarea><\/div><div id=\"wpforms-299-field_6-container\" class=\"wpforms-field wpforms-field-checkbox\" data-field-id=\"6\"><label class=\"wpforms-field-label\" for=\"wpforms-299-field_6\">Toivon yhteydenottoa<\/label><ul id=\"wpforms-299-field_6\" data-choice-limit=\"1\"><li class=\"choice-1 depth-1\"><input type=\"checkbox\" id=\"wpforms-299-field_6_1\" data-rule-check-limit=\"true\" name=\"wpforms[fields][6][]\" value=\"Puhelimitse\"  ><label class=\"wpforms-field-label-inline\" for=\"wpforms-299-field_6_1\">Puhelimitse<\/label><\/li><li class=\"choice-2 depth-1\"><input type=\"checkbox\" id=\"wpforms-299-field_6_2\" data-rule-check-limit=\"true\" name=\"wpforms[fields][6][]\" value=\"S\u00e4hk\u00f6postitse\"  ><label class=\"wpforms-field-label-inline\" for=\"wpforms-299-field_6_2\">S\u00e4hk\u00f6postitse<\/label><\/li><\/ul><\/div><div id=\"wpforms-299-field_8-container\" class=\"wpforms-field wpforms-field-checkbox\" data-field-id=\"8\"><label class=\"wpforms-field-label\" for=\"wpforms-299-field_8\">KS Maanrakennus Oy<\/label><ul id=\"wpforms-299-field_8\" data-choice-limit=\"1\"><li class=\"choice-1 depth-1\"><input type=\"checkbox\" id=\"wpforms-299-field_8_1\" data-rule-check-limit=\"true\" name=\"wpforms[fields][8][]\" value=\"SAA l\u00e4hett\u00e4\u00e4 edell\u00e4mainittuun osoitteeseen markkinointipostia.\"  ><label class=\"wpforms-field-label-inline\" for=\"wpforms-299-field_8_1\">SAA l\u00e4hett\u00e4\u00e4 edell\u00e4mainittuun osoitteeseen markkinointipostia.<\/label><\/li><li class=\"choice-4 depth-1\"><input type=\"checkbox\" id=\"wpforms-299-field_8_4\" data-rule-check-limit=\"true\" name=\"wpforms[fields][8][]\" value=\"EI SAA l\u00e4hett\u00e4\u00e4 edell\u00e4mainittuun osoitteeseen markkinointipostia.\"  ><label class=\"wpforms-field-label-inline\" for=\"wpforms-299-field_8_4\">EI SAA l\u00e4hett\u00e4\u00e4 edell\u00e4mainittuun osoitteeseen markkinointipostia.<\/label><\/li><\/ul><\/div><\/div><div class=\"wpforms-field wpforms-field-hp\"><label for=\"wpforms-299-field-hp\" class=\"wpforms-field-label\">Name<\/label><input type=\"text\" name=\"wpforms[hp]\" id=\"wpforms-299-field-hp\" class=\"wpforms-field-medium\"><\/div><div class=\"wpforms-submit-container\"><input type=\"hidden\" name=\"wpforms[id]\" value=\"299\"><input type=\"hidden\" name=\"wpforms[author]\" value=\"1\"><button type=\"submit\" name=\"wpforms[submit]\" id=\"wpforms-submit-299\" class=\"wpforms-submit\" data-alt-text=\"Viesti\u00e4 l\u00e4hetet\u00e4\u00e4n...\" data-submit-text=\"L\u00c4HET\u00c4 VIESTI\" aria-live=\"assertive\" value=\"wpforms-submit\">L\u00c4HET\u00c4 VIESTI<\/button><img src=\"https:\/\/www.ksmaanrakennusoy.fi\/wp-content\/plugins\/wpforms-lite\/assets\/images\/submit-spin.svg\" class=\"wpforms-submit-spinner\" style=\"display: none;\" width=\"26\" height=\"26\" alt=\"Loading\"><\/div><\/form><\/div>  <!-- .wpforms-container -->\n\n\n<p><!--EndFragment--><\/p>","protected":false},"excerpt":{"rendered":"<p>Toteutamme i\u00e4kk\u00e4\u00e4mpien omakotitalojen salaojat ja sadevesisaneeraukset kokonaisurakalla tai tuntiveloituksella. Pyyd\u00e4 maksuton arviointik\u00e4ynti! Yhteydenotto Voit ottaa meihin yhteytt\u00e4 oheisella lomakkeella. Palaamme asiaan pikapuoliin.<\/p>\n","protected":false},"author":1,"featured_media":0,"parent":0,"menu_order":0,"comment_status":"closed","ping_status":"closed","template":"","meta":[],"_links":{"self":[{"href":"https:\/\/www.ksmaanrakennusoy.fi\/index.php\/wp-json\/wp\/v2\/pages\/227"}],"collection":[{"href":"https:\/\/www.ksmaanrakennusoy.fi\/index.php\/wp-json\/wp\/v2\/pages"}],"about":[{"href":"https:\/\/www.ksmaanrakennusoy.fi\/index.php\/wp-json\/wp\/v2\/types\/page"}],"author":[{"embeddable":true,"href":"https:\/\/www.ksmaanrakennusoy.fi\/index.php\/wp-json\/wp\/v2\/users\/1"}],"replies":[{"embeddable":true,"href":"https:\/\/www.ksmaanrakennusoy.fi\/index.php\/wp-json\/wp\/v2\/comments?post=227"}],"version-history":[{"count":6,"href":"https:\/\/www.ksmaanrakennusoy.fi\/index.php\/wp-json\/wp\/v2\/pages\/227\/revisions"}],"predecessor-version":[{"id":351,"href":"https:\/\/www.ksmaanrakennusoy.fi\/index.php\/wp-json\/wp\/v2\/pages\/227\/revisions\/351"}],"wp:attachment":[{"href":"https:\/\/www.ksmaanrakennusoy.fi\/index.php\/wp-json\/wp\/v2\/media?parent=227"}],"curies":[{"name":"wp","href":"https:\/\/api.w.org\/{rel}","templated":true}]}}